{"id":539,"date":"2026-01-14T11:22:27","date_gmt":"2026-01-14T10:22:27","guid":{"rendered":"https:\/\/www.dylanmartinlapoirie.fr\/?page_id=539"},"modified":"2026-01-14T11:22:27","modified_gmt":"2026-01-14T10:22:27","slug":"postes","status":"publish","type":"page","link":"https:\/\/www.dylanmartinlapoirie.fr\/index.php\/postes\/","title":{"rendered":"Postes"},"content":{"rendered":"\n<p><strong>Depuis 2025 : Ma\u00eetre de conf\u00e9rences en sciences \u00e9conomiques<\/strong>, <a href=\"https:\/\/aes.pantheonsorbonne.fr\/\" data-type=\"URL\" data-id=\"https:\/\/aes.pantheonsorbonne.fr\/\">Universit\u00e9 Paris 1 Panth\u00e9on-Sorbonne<\/a><br>Membre permanent du Centre d&rsquo;\u00c9conomie de la Sorbonne (<a href=\"https:\/\/ces.pantheonsorbonne.fr\/\" data-type=\"URL\" data-id=\"https:\/\/ces.pantheonsorbonne.fr\/\">CES<\/a>)<br>Membre de la Chaire \u00c9conomie Sociale, Protection et Soci\u00e9t\u00e9 (<a href=\"https:\/\/chaireesops.fr\/\" data-type=\"URL\" data-id=\"https:\/\/chaireesops.fr\/\">ESoPS<\/a>)<\/p>\n\n\n\n<p><strong>2022 &#8211; 2025 : Professeur agr\u00e9g\u00e9 d&rsquo;\u00e9conomie-gestion<\/strong>, <a href=\"https:\/\/aes.pantheonsorbonne.fr\/\" data-type=\"URL\" data-id=\"https:\/\/aes.pantheonsorbonne.fr\/\">Universit\u00e9 Paris 1 Panth\u00e9on-Sorbonne<\/a><br>Chercheur associ\u00e9 au Centre d&rsquo;\u00c9conomie de la Sorbonne (<a href=\"https:\/\/ces.pantheonsorbonne.fr\/\" data-type=\"URL\" data-id=\"https:\/\/ces.pantheonsorbonne.fr\/\">CES<\/a>)<\/p>\n\n\n\n<p><strong>2021 &#8211; 2022 : Chercheur post-doctorant<\/strong>, <a href=\"https:\/\/www.ehesp.fr\/\" data-type=\"URL\" data-id=\"https:\/\/www.ehesp.fr\/\">\u00c9cole des Hautes \u00c9tudes en Sant\u00e9 Publique (EHESP)<\/a><br>Laboratoire <a href=\"https:\/\/arenes.eu\/\" data-type=\"URL\" data-id=\"https:\/\/arenes.eu\/\">Ar\u00e8nes<\/a><br>Post-doctorant sur le projet europ\u00e9en PERISCOPE<\/p>\n\n\n\n<p><strong>2019 &#8211; 2021 : Attach\u00e9 temporaire d&rsquo;enseignement et de recherche<\/strong>, <a href=\"https:\/\/fac-droit.univ-lorraine.fr\/\" data-type=\"URL\" data-id=\"https:\/\/fac-droit.univ-lorraine.fr\/\">Universit\u00e9 de Lorraine<\/a><br>Laboratoire Bureau d&rsquo;\u00c9conomie Th\u00e9orique et Appliqu\u00e9e (<a href=\"https:\/\/www.beta-economics.fr\/\" data-type=\"URL\" data-id=\"https:\/\/www.beta-economics.fr\/\">BETA<\/a>)<\/p>\n\n\n\n<p><strong>2016 &#8211; 2019 : Doctorant contractuel avec mission d&rsquo;enseignement<\/strong>, <a href=\"https:\/\/fac-droit.univ-lorraine.fr\/\" data-type=\"URL\" data-id=\"https:\/\/fac-droit.univ-lorraine.fr\/\">Universit\u00e9 de Lorraine<\/a><br>Laboratoire Bureau d&rsquo;\u00c9conomie Th\u00e9orique et Appliqu\u00e9e (<a href=\"https:\/\/www.beta-economics.fr\/\" data-type=\"URL\" data-id=\"https:\/\/www.beta-economics.fr\/\">BETA<\/a>)<\/p>\n","protected":false},"excerpt":{"rendered":"<p>Depuis 2025 : Ma\u00eetre de conf\u00e9rences en sciences \u00e9conomiques, Universit\u00e9 Paris 1 Panth\u00e9on-SorbonneMembre permanent du Centre d&rsquo;\u00c9conomie de la Sorbonne (CES)Membre de la Chaire \u00c9conomie&#8230;<\/p>\n<div class=\"more-link-wrapper\"><a class=\"more-link\" href=\"https:\/\/www.dylanmartinlapoirie.fr\/index.php\/postes\/\">Continue reading<span class=\"screen-reader-text\">Postes<\/span><\/a><\/div>\n","protected":false},"author":2,"featured_media":0,"parent":0,"menu_order":0,"comment_status":"closed","ping_status":"closed","template":"","meta":[],"_links":{"self":[{"href":"https:\/\/www.dylanmartinlapoirie.fr\/index.php\/wp-json\/wp\/v2\/pages\/539"}],"collection":[{"href":"https:\/\/www.dylanmartinlapoirie.fr\/index.php\/wp-json\/wp\/v2\/pages"}],"about":[{"href":"https:\/\/www.dylanmartinlapoirie.fr\/index.php\/wp-json\/wp\/v2\/types\/page"}],"author":[{"embeddable":true,"href":"https:\/\/www.dylanmartinlapoirie.fr\/index.php\/wp-json\/wp\/v2\/users\/2"}],"replies":[{"embeddable":true,"href":"https:\/\/www.dylanmartinlapoirie.fr\/index.php\/wp-json\/wp\/v2\/comments?post=539"}],"version-history":[{"count":5,"href":"https:\/\/www.dylanmartinlapoirie.fr\/index.php\/wp-json\/wp\/v2\/pages\/539\/revisions"}],"predecessor-version":[{"id":545,"href":"https:\/\/www.dylanmartinlapoirie.fr\/index.php\/wp-json\/wp\/v2\/pages\/539\/revisions\/545"}],"wp:attachment":[{"href":"https:\/\/www.dylanmartinlapoirie.fr\/index.php\/wp-json\/wp\/v2\/media?parent=539"}],"curies":[{"name":"wp","href":"https:\/\/api.w.org\/{rel}","templated":true}]}}