{"id":13,"date":"2019-05-11T15:45:23","date_gmt":"2019-05-11T13:45:23","guid":{"rendered":"https:\/\/www.dylanmartin.fr\/?page_id=13"},"modified":"2025-08-21T16:27:52","modified_gmt":"2025-08-21T14:27:52","slug":"research","status":"publish","type":"page","link":"https:\/\/www.dylanmartinlapoirie.fr\/index.php\/research\/","title":{"rendered":"Recherche"},"content":{"rendered":"<p align=\"justify\">Mes recherches s&rsquo;int\u00e9ressent principalement aux professions r\u00e9glement\u00e9es, en particulier aux r\u00e9glementations qui encadrent les professions de sant\u00e9 et les professions juridiques. Je m\u00e8ne \u00e9galement des recherches sur les conditions d&rsquo;exercice et la sant\u00e9 au travail des professionnels de sant\u00e9 ainsi que sur les comportements de pr\u00e9vention en p\u00e9riode \u00e9pid\u00e9mique.<\/p>\n\n\n<p class=\"has-text-align-left\" style=\"font-size:18px\"><strong>Articles publi\u00e9s dans des revues \u00e0 comit\u00e9 de lecture<\/strong><\/p>\n\n\n\n<ul>\n<li><strong><a href=\"https:\/\/doi.org\/10.1038\/s41598-025-14644-2\" data-type=\"URL\" data-id=\"https:\/\/doi.org\/10.1038\/s41598-025-14644-2\">Understanding the interplay between epidemiological and social cognitive drivers of behaviour change during the Covid-19 pandemic<\/a><\/strong>, <em>Scientific Reports<\/em>, 2025, 15:30556 (avec K. McColl, J. Mueller, P. Verger, L.W. Heyerdahl, B. Ventelou, E. Botelho-Nevers et J. Raude.)<\/li>\n\n\n\n<li><strong><a href=\"https:\/\/doi.org\/10.3917\/reco.756.1241\">R\u00e8gles de r\u00e9partition d\u2019un dommage entre plusieurs auteurs : une typologie<\/a><\/strong>, <em>Revue \u00e9conomique<\/em>, 2024, 75 (6), 1241-1273  (avec S. Van Driessche)<\/li>\n\n\n\n<li><strong><a href=\"https:\/\/doi.org\/10.1016\/j.socscimed.2023.116531\" data-type=\"URL\" data-id=\"https:\/\/doi.org\/10.1016\/j.socscimed.2023.116531\">Health protective behaviours during the COVID-19 pandemic: risk adaptation or habituation?<\/a><\/strong>, <em>Social Science and Medicine<\/em>, 2024, 342:116531 (avec K. McColl, K. Gallopel-Morvan, P. Arwidson et J. Raude)<\/li>\n\n\n\n<li><strong><a href=\"https:\/\/doi.org\/10.1080\/21642850.2023.2287663\" data-type=\"URL\" data-id=\"https:\/\/doi.org\/10.1080\/21642850.2023.2287663\">Does vaccination elicit risk compensation? Insights from the COVID-19 pandemic in France<\/a><\/strong>, <em>Health Psychology and Behavioral Medicine<\/em>, 2024, 12 (1):2287663 (avec K. McColl, G.A. Veltri, P. Arwidson et J. Raude)<\/li>\n\n\n\n<li><strong><a rel=\"noreferrer noopener\" href=\"https:\/\/doi.org\/10.1016\/j.epidem.2022.100658\" target=\"_blank\">Testing a simple and frugal model of health protective behaviour in epidemic times<\/a><\/strong>, <em>Epidemics<\/em>, 2023, 100658 (avec A. d&rsquo;Onofrio, K. McColl et J. Raude)<\/li>\n\n\n\n<li><strong><a rel=\"noreferrer noopener\" href=\"https:\/\/doi.org\/10.1515\/rle-2021-0079\" target=\"_blank\">Allocating liability among several physicians: a theoretical model<\/a><\/strong>, <em>Review of Law and Economics<\/em>, 2022, 18 (3), 297-324<\/li>\n\n\n\n<li><strong><a rel=\"noreferrer noopener\" href=\"https:\/\/doi.org\/10.1007\/s10657-021-09708-3\" target=\"_blank\">Teamwork in health care and medical malpractice liability: an experimental investigation<\/a>, <\/strong><em>European Journal of Law and Economics<\/em>, 2022, 54 (2), 251-282<\/li>\n<\/ul>\n\n\n\n<p style=\"font-size:18px\"><strong>Projets en cours<\/strong><\/p>\n\n\n\n<ul>\n<li><strong>Lawyer behavior and ethics: an experimental study<\/strong>  (avec S. Harnay)<\/li>\n\n\n\n<li><strong>Lawyer professional identity: an experimental approach<\/strong> (avec S. Harnay)<\/li>\n\n\n\n<li><strong>COVID-19 et p\u00e9nibilit\u00e9 chez les infirmiers lib\u00e9raux<\/strong> (avec E. Defebvre)<\/li>\n<\/ul>\n","protected":false},"excerpt":{"rendered":"<p>Mes recherches s&rsquo;int\u00e9ressent principalement aux professions r\u00e9glement\u00e9es, en particulier aux r\u00e9glementations qui encadrent les professions de sant\u00e9 et les professions juridiques. Je m\u00e8ne \u00e9galement des&#8230;<\/p>\n<div class=\"more-link-wrapper\"><a class=\"more-link\" href=\"https:\/\/www.dylanmartinlapoirie.fr\/index.php\/research\/\">Continue reading<span class=\"screen-reader-text\">Recherche<\/span><\/a><\/div>\n","protected":false},"author":2,"featured_media":0,"parent":0,"menu_order":0,"comment_status":"closed","ping_status":"closed","template":"","meta":[],"_links":{"self":[{"href":"https:\/\/www.dylanmartinlapoirie.fr\/index.php\/wp-json\/wp\/v2\/pages\/13"}],"collection":[{"href":"https:\/\/www.dylanmartinlapoirie.fr\/index.php\/wp-json\/wp\/v2\/pages"}],"about":[{"href":"https:\/\/www.dylanmartinlapoirie.fr\/index.php\/wp-json\/wp\/v2\/types\/page"}],"author":[{"embeddable":true,"href":"https:\/\/www.dylanmartinlapoirie.fr\/index.php\/wp-json\/wp\/v2\/users\/2"}],"replies":[{"embeddable":true,"href":"https:\/\/www.dylanmartinlapoirie.fr\/index.php\/wp-json\/wp\/v2\/comments?post=13"}],"version-history":[{"count":69,"href":"https:\/\/www.dylanmartinlapoirie.fr\/index.php\/wp-json\/wp\/v2\/pages\/13\/revisions"}],"predecessor-version":[{"id":540,"href":"https:\/\/www.dylanmartinlapoirie.fr\/index.php\/wp-json\/wp\/v2\/pages\/13\/revisions\/540"}],"wp:attachment":[{"href":"https:\/\/www.dylanmartinlapoirie.fr\/index.php\/wp-json\/wp\/v2\/media?parent=13"}],"curies":[{"name":"wp","href":"https:\/\/api.w.org\/{rel}","templated":true}]}}