{"id":10,"date":"2019-05-11T15:40:34","date_gmt":"2019-05-11T13:40:34","guid":{"rendered":"https:\/\/www.dylanmartin.fr\/?page_id=10"},"modified":"2025-09-01T18:36:59","modified_gmt":"2025-09-01T16:36:59","slug":"accueil","status":"publish","type":"page","link":"https:\/\/www.dylanmartinlapoirie.fr\/","title":{"rendered":"Dylan Martin-Lapoirie"},"content":{"rendered":"\n<p class=\"has-text-align-center\" style=\"font-size:17px\"> Ma\u00eetre de conf\u00e9rences en sciences \u00e9conomiques<br><a rel=\"noreferrer noopener\" href=\"https:\/\/aes.pantheonsorbonne.fr\/\" data-type=\"URL\" data-id=\"https:\/\/aes.pantheonsorbonne.fr\/\" target=\"_blank\">Universit\u00e9 Paris 1 Panth\u00e9on-Sorbonne<\/a> &#8211; <a href=\"https:\/\/centredeconomiesorbonne.cnrs.fr\/\" data-type=\"URL\" data-id=\"https:\/\/centredeconomiesorbonne.cnrs.fr\/\">Centre d&rsquo;\u00c9conomie de la Sorbonne<\/a><\/p>\n\n\n\n<center>\n<table style=\"text-align: left;\" border=\"0\">\n<tbody>\n<tr>\n<td align=\"left\" valign=\"top\"><span style=\"font-size: medium;\"><strong>Domaines de recherche<\/strong><\/span><\/td>\n<td style=\"text-align: right;\" align=\"right\" valign=\"top\"><span style=\"font-size: medium;\"><strong>Contact<\/strong><\/span><\/td>\n<\/tr>\n<tr>\n<td><span style=\"font-size: medium;\">\u00c9conomie de la sant\u00e9<\/span><\/td>\n<td style=\"text-align: right;\"><span style=\"font-size: medium;\"><span style=\"float: right;\">Maison des sciences \u00e9conomiques<\/span><\/span><\/td>\n<\/tr>\n<tr>\n<td><span style=\"font-size: medium;\">\u00c9conomie du droit<\/span><\/td>\n<td style=\"text-align: right;\"><span style=\"font-size: medium;\"><span style=\"float: right;\">106-112 boulevard de l\u2019H\u00f4pital<\/span><\/span><\/td>\n<\/tr>\n<tr>\n<td><span style=\"font-size: medium;\">\u00c9conomie comportementale<\/span><\/td>\n<td style=\"text-align: right;\"><span style=\"font-size: medium;\"><span style=\"float: right;\">75647 Paris Cedex 13<\/span><\/span><\/td>\n<\/tr>\n<tr>\n<td><span style=\"font-size: medium;\">\u00c9conomie exp\u00e9rimentale<\/span><\/td>\n<td style=\"text-align: right;\"><span style=\"font-size: medium;\"><span style=\"float: right;\">E-mail: dylan.martin-lapoirie [at] univ-paris1.fr<\/span><\/span><\/td>\n<\/tr>\n<\/tbody>\n<\/table>\n<p>&nbsp;<\/p>\n<\/center>\n\n\n\n<p style=\"font-weight:bold;border: 1px solid black; padding: 10px;\">\n\n<span style=\"display:inline-block;width:33%;text-align:center;\"><a href=\"https:\/\/www.researchgate.net\/profile\/Dylan-Martin-Lapoirie\" data-type=\"URL\" data-id=\"https:\/\/www.researchgate.net\/profile\/Dylan-Martin-Lapoirie\">ResearchGate<\/a><\/span>\n\n<span style=\"display:inline-block;width:33%;text-align:center;float:left;\"><a href=\"https:\/\/cv.hal.science\/dylan-martin-lapoirie\" data-type=\"URL\" data-id=\"https:\/\/cv.hal.science\/dylan-martin-lapoirie\">HAL<\/a><\/span>\n\n<span style=\"display:inline-block;width:33%;text-align:center;float:left;\"><a href=\"https:\/\/orcid.org\/0000-0002-3660-1444\" data-type=\"URL\" data-id=\"https:\/\/orcid.org\/0000-0002-3660-1444\">ORCID<\/a>\n<\/span>\n\n<\/p>\n","protected":false},"excerpt":{"rendered":"<p>Ma\u00eetre de conf\u00e9rences en sciences \u00e9conomiquesUniversit\u00e9 Paris 1 Panth\u00e9on-Sorbonne &#8211; Centre d&rsquo;\u00c9conomie de la Sorbonne Domaines de recherche Contact \u00c9conomie de la sant\u00e9 Maison des&#8230;<\/p>\n<div class=\"more-link-wrapper\"><a class=\"more-link\" href=\"https:\/\/www.dylanmartinlapoirie.fr\/\">Continue reading<span class=\"screen-reader-text\">Dylan Martin-Lapoirie<\/span><\/a><\/div>\n","protected":false},"author":2,"featured_media":122,"parent":0,"menu_order":0,"comment_status":"closed","ping_status":"closed","template":"","meta":[],"_links":{"self":[{"href":"https:\/\/www.dylanmartinlapoirie.fr\/index.php\/wp-json\/wp\/v2\/pages\/10"}],"collection":[{"href":"https:\/\/www.dylanmartinlapoirie.fr\/index.php\/wp-json\/wp\/v2\/pages"}],"about":[{"href":"https:\/\/www.dylanmartinlapoirie.fr\/index.php\/wp-json\/wp\/v2\/types\/page"}],"author":[{"embeddable":true,"href":"https:\/\/www.dylanmartinlapoirie.fr\/index.php\/wp-json\/wp\/v2\/users\/2"}],"replies":[{"embeddable":true,"href":"https:\/\/www.dylanmartinlapoirie.fr\/index.php\/wp-json\/wp\/v2\/comments?post=10"}],"version-history":[{"count":52,"href":"https:\/\/www.dylanmartinlapoirie.fr\/index.php\/wp-json\/wp\/v2\/pages\/10\/revisions"}],"predecessor-version":[{"id":534,"href":"https:\/\/www.dylanmartinlapoirie.fr\/index.php\/wp-json\/wp\/v2\/pages\/10\/revisions\/534"}],"wp:featuredmedia":[{"embeddable":true,"href":"https:\/\/www.dylanmartinlapoirie.fr\/index.php\/wp-json\/wp\/v2\/media\/122"}],"wp:attachment":[{"href":"https:\/\/www.dylanmartinlapoirie.fr\/index.php\/wp-json\/wp\/v2\/media?parent=10"}],"curies":[{"name":"wp","href":"https:\/\/api.w.org\/{rel}","templated":true}]}}